{"id":10,"date":"2016-01-15T01:04:58","date_gmt":"2016-01-14T22:04:58","guid":{"rendered":"http:\/\/www.betonkozmetik.com\/?page_id=10"},"modified":"2019-07-22T22:49:10","modified_gmt":"2019-07-22T19:49:10","slug":"contact","status":"publish","type":"page","link":"https:\/\/www.betonkozmetik.com\/eng\/contact\/","title":{"rendered":"Contact"},"content":{"rendered":"<p>[vc_row][vc_column width=&#8221;1\/2&#8243;][vc_column_text]<strong>LETOON M\u0130MARLIK LTD. \u015eT\u0130.<\/strong><br \/>\nE-mail: info@letoon.com.tr<br \/>\nWeb: www.letoon.com.tr<br \/>\n<strong>Adres :<\/strong><br \/>\nYedpa Ticaret Merkezi\u00a0G Caddesi No: 56\u00a034179 &#8211; ATA\u015eEH\u0130R \/ \u0130STANBUL<br \/>\n<strong>\u0130leti\u015fim :<\/strong><br \/>\n<strong>Tlf<\/strong>: +90 216 471 72 00 (Pbx)\u00a0<strong>Fax<\/strong>: +90 216 471 76 06[\/vc_column_text][vc_separator][vc_raw_html]JTNDaWZyYW1lJTIwc3JjJTNEJTIyaHR0cHMlM0ElMkYlMkZ3d3cuZ29vZ2xlLmNvbSUyRm1hcHMlMkZkJTJGZW1iZWQlM0ZtaWQlM0R6cjFYM2h4Sk9MSEEua0hxZkE1aEROT2pNJTIyJTIwd2lkdGglM0QlMjIxMDAlMjUlMjIlMjBoZWlnaHQlM0QlMjI0MDAlMjIlM0UlM0MlMkZpZnJhbWUlM0U=[\/vc_raw_html][\/vc_column][vc_column width=&#8221;1\/2&#8243;][vc_text_separator title=&#8221;\u0130leti\u015fim Formu&#8221;][vc_raw_html]JTVCY29udGFjdC1mb3JtLTclMjBpZCUzRCUyMjQlMjIlMjB0aXRsZSUzRCUyMiVDNCVCMGxldGklQzUlOUZpbSUyMGZvcm11JTIwMSUyMiU1RA==[\/vc_raw_html][\/vc_column][\/vc_row]<\/p>\n","protected":false},"excerpt":{"rendered":"<p>[vc_row][vc_column width=&#8221;1\/2&#8243;][vc_column_text]LETOON M\u0130MARLIK LTD. \u015eT\u0130. E-mail: info@letoon.com.tr Web: www.letoon.com.tr Adres : Yedpa Ticaret Merkezi\u00a0G Caddesi No: 56\u00a034179 &#8211; ATA\u015eEH\u0130R \/<\/p>\n","protected":false},"author":4,"featured_media":0,"parent":0,"menu_order":0,"comment_status":"closed","ping_status":"closed","template":"template-fullwidth-title.php","meta":{"footnotes":""},"class_list":["post-10","page","type-page","status-publish","hentry"],"_links":{"self":[{"href":"https:\/\/www.betonkozmetik.com\/eng\/wp-json\/wp\/v2\/pages\/10","targetHints":{"allow":["GET"]}}],"collection":[{"href":"https:\/\/www.betonkozmetik.com\/eng\/wp-json\/wp\/v2\/pages"}],"about":[{"href":"https:\/\/www.betonkozmetik.com\/eng\/wp-json\/wp\/v2\/types\/page"}],"author":[{"embeddable":true,"href":"https:\/\/www.betonkozmetik.com\/eng\/wp-json\/wp\/v2\/users\/4"}],"replies":[{"embeddable":true,"href":"https:\/\/www.betonkozmetik.com\/eng\/wp-json\/wp\/v2\/comments?post=10"}],"version-history":[{"count":1,"href":"https:\/\/www.betonkozmetik.com\/eng\/wp-json\/wp\/v2\/pages\/10\/revisions"}],"predecessor-version":[{"id":538,"href":"https:\/\/www.betonkozmetik.com\/eng\/wp-json\/wp\/v2\/pages\/10\/revisions\/538"}],"wp:attachment":[{"href":"https:\/\/www.betonkozmetik.com\/eng\/wp-json\/wp\/v2\/media?parent=10"}],"curies":[{"name":"wp","href":"https:\/\/api.w.org\/{rel}","templated":true}]}}