{"id":195,"date":"2016-01-26T15:55:26","date_gmt":"2016-01-26T12:55:26","guid":{"rendered":"http:\/\/www.betonkozmetik.com\/?page_id=195"},"modified":"2025-12-24T11:40:40","modified_gmt":"2025-12-24T08:40:40","slug":"our-quality-policy","status":"publish","type":"page","link":"https:\/\/www.betonkozmetik.com\/eng\/our-quality-policy\/","title":{"rendered":"Our Quality Policy"},"content":{"rendered":"<p>[vc_row][vc_column][vc_column_text css_animation=&#8221;top-to-bottom&#8221;]<!-- Ana Kapsay\u0131c\u0131 --><\/p>\n<div id=\"let-water-wrapper\" style=\"width: 100%;max-width: 100%;padding: 0;font-family: Arial, sans-serif\">\n<p>    <!-- Ba\u015fl\u0131k Alan\u0131 --><\/p>\n<div style=\"margin-bottom: 30px\">\n<h2 style=\"margin-top: 0;margin-bottom: 5px;color: #00235c;font-size: 28px;font-weight: 800;text-transform: uppercase;border-left: 5px solid #e62310;padding-left: 15px\">OUR QUALITY POLICY<\/h2>\n<h3 style=\"margin-top: 0;color: #555;font-weight: normal;font-size: 18px;padding-left: 20px\">LETOON MIMARLIK LTD. STI.<\/h3>\n<\/p><\/div>\n<p>    <!-- Giri\u015f --><\/p>\n<p class=\"let-intro-p\" style=\"margin-bottom: 25px;line-height: 1.6;color: #333\">Our company, as a pioneer and leader company in <strong>\u2018Surface Protection and Coating Technologies and Products\u2019<\/strong>, accepts and adopts the following issues as company policy.<\/p>\n<p>    <!-- Vizyon Kutusu --><\/p>\n<div class=\"let-info-box\" style=\"margin-bottom: 30px;padding: 20px;background: linear-gradient(135deg, #fdfdfd 0%, #f4f7f9 100%);border-left: 5px solid #00235c;border-radius: 0 8px 8px 0\">\n<h3 style=\"border: none;padding: 0;margin-top: 0;margin-bottom: 10px;color: #00235c;font-size: 20px\">Core Principles<\/h3>\n<p style=\"margin-bottom: 0;color: #444;font-size: 16px\">Focusing on customer satisfaction, quality, and continuous improvement, we aim for sustainable success in national and international standards.<\/p>\n<\/p><\/div>\n<p>    <!-- Politikalar Listesi --><\/p>\n<div style=\"width: 100%\">\n<p>        <!-- Madde 1 (\u0130kon Kald\u0131r\u0131ld\u0131) --><\/p>\n<div style=\"background: #fff;border: 1px solid #eee;padding: 25px;border-radius: 8px;margin-bottom: 20px\">\n<div style=\"color: #e62310;font-weight: bold;font-size: 18px;margin-bottom: 10px;align-items: center\">Legal Compliance<\/div>\n<p style=\"font-size: 15px;color: #555;margin: 0;line-height: 1.5\">To comply with national and international standards, laws and regulations related to quality management.<\/p>\n<\/p><\/div>\n<p>        <!-- Madde 2 --><\/p>\n<div style=\"background: #fff;border: 1px solid #eee;padding: 25px;border-radius: 8px;margin-bottom: 20px\">\n<div style=\"color: #e62310;font-weight: bold;font-size: 18px;margin-bottom: 10px;align-items: center\">\n                <i class=\"fas fa-chart-line\" style=\"color: #00235c;font-size: 20px\"><\/i> Continuous Improvement\n            <\/div>\n<p style=\"font-size: 15px;color: #555;margin: 0;line-height: 1.5\">To announce the objectives of our quality management system, to regularly review and continuously improve and to fulfill the applicable requirements in order to improve its development and efficiency.<\/p>\n<\/p><\/div>\n<p>        <!-- Madde 3 (\u0130kon Kald\u0131r\u0131ld\u0131) --><\/p>\n<div style=\"background: #fff;border: 1px solid #eee;padding: 25px;border-radius: 8px;margin-bottom: 20px\">\n<div style=\"color: #e62310;font-weight: bold;font-size: 18px;margin-bottom: 10px;align-items: center\">Technology and Development<\/div>\n<p style=\"font-size: 15px;color: #555;margin: 0;line-height: 1.5\">To ensure the continuity and development of our processes, products and services with high quality by continuously following the new developments and technology.<\/p>\n<\/p><\/div>\n<p>        <!-- Madde 4 --><\/p>\n<div style=\"background: #fff;border: 1px solid #eee;padding: 25px;border-radius: 8px;margin-bottom: 20px\">\n<div style=\"color: #e62310;font-weight: bold;font-size: 18px;margin-bottom: 10px;align-items: center\">\n                <i class=\"fas fa-handshake\" style=\"color: #00235c;font-size: 20px\"><\/i> Customer Focus\n            <\/div>\n<p style=\"font-size: 15px;color: #555;margin: 0;line-height: 1.5\">To perceive the needs of our customers quickly and accurately, to adopt an innovative approach to provide quality, right products and services in a safe and sustainable manner and to keep the customer satisfaction at the highest level.<\/p>\n<\/p><\/div>\n<p>        <!-- Madde 5 --><\/p>\n<div style=\"background: #fff;border: 1px solid #eee;padding: 25px;border-radius: 8px;margin-bottom: 20px\">\n<div style=\"color: #e62310;font-weight: bold;font-size: 18px;margin-bottom: 10px;align-items: center\">Employee Happiness<\/div>\n<p style=\"font-size: 15px;color: #555;margin: 0;line-height: 1.5\">To provide a suitable working environment in which our employees can express and develop themselves as participant, creative and sharing.<\/p>\n<\/p><\/div>\n<p>        <!-- Madde 6 (\u0130kon Kald\u0131r\u0131ld\u0131) --><\/p>\n<div style=\"background: #fff;border: 1px solid #eee;padding: 25px;border-radius: 8px;margin-bottom: 20px\">\n<div style=\"color: #e62310;font-weight: bold;font-size: 18px;margin-bottom: 10px;align-items: center\">Communication and Coordination<\/div>\n<p style=\"font-size: 15px;color: #555;margin: 0;line-height: 1.5\">Ensuring the sustainability and continuity of internal communication and coordination in order to provide accurate, high quality products and rapid service to our customers in operational terms.<\/p>\n<\/p><\/div>\n<p>        <!-- Madde 7 --><\/p>\n<div style=\"background: #fff;border: 1px solid #eee;padding: 25px;border-radius: 8px;margin-bottom: 20px\">\n<div style=\"color: #e62310;font-weight: bold;font-size: 18px;margin-bottom: 10px;align-items: center\">\n                <i class=\"fas fa-shield-alt\" style=\"color: #00235c;font-size: 20px\"><\/i> Corporate Trust\n            <\/div>\n<p style=\"font-size: 15px;color: #555;margin: 0;line-height: 1.5\">To show the necessary effort and sensitivity to sustain the corporate trust we provide for our employees and customers.<\/p>\n<\/p><\/div>\n<p>        <!-- Madde 8 --><\/p>\n<div style=\"background: #fff;border: 1px solid #eee;padding: 25px;border-radius: 8px;margin-bottom: 20px\">\n<div style=\"color: #e62310;font-weight: bold;font-size: 18px;margin-bottom: 10px;align-items: center\">Business Ethics and Respect<\/div>\n<p style=\"font-size: 15px;color: #555;margin: 0;line-height: 1.5\">To respect the social and cultural values of the geographies we work with, to work honestly, open to communication, in compliance with the laws, paying attention to the rules of business ethics.<\/p>\n<\/p><\/div><\/div>\n<\/div>\n<p>[\/vc_column_text][\/vc_column][\/vc_row]<\/p>\n","protected":false},"excerpt":{"rendered":"<p>[vc_row][vc_column][vc_column_text css_animation=&#8221;top-to-bottom&#8221;] OUR QUALITY POLICY LETOON MIMARLIK LTD. STI. Our company, as a pioneer and leader company in \u2018Surface Protection<\/p>\n","protected":false},"author":4,"featured_media":0,"parent":0,"menu_order":0,"comment_status":"closed","ping_status":"closed","template":"","meta":{"footnotes":""},"class_list":["post-195","page","type-page","status-publish","hentry"],"_links":{"self":[{"href":"https:\/\/www.betonkozmetik.com\/eng\/wp-json\/wp\/v2\/pages\/195","targetHints":{"allow":["GET"]}}],"collection":[{"href":"https:\/\/www.betonkozmetik.com\/eng\/wp-json\/wp\/v2\/pages"}],"about":[{"href":"https:\/\/www.betonkozmetik.com\/eng\/wp-json\/wp\/v2\/types\/page"}],"author":[{"embeddable":true,"href":"https:\/\/www.betonkozmetik.com\/eng\/wp-json\/wp\/v2\/users\/4"}],"replies":[{"embeddable":true,"href":"https:\/\/www.betonkozmetik.com\/eng\/wp-json\/wp\/v2\/comments?post=195"}],"version-history":[{"count":4,"href":"https:\/\/www.betonkozmetik.com\/eng\/wp-json\/wp\/v2\/pages\/195\/revisions"}],"predecessor-version":[{"id":639,"href":"https:\/\/www.betonkozmetik.com\/eng\/wp-json\/wp\/v2\/pages\/195\/revisions\/639"}],"wp:attachment":[{"href":"https:\/\/www.betonkozmetik.com\/eng\/wp-json\/wp\/v2\/media?parent=195"}],"curies":[{"name":"wp","href":"https:\/\/api.w.org\/{rel}","templated":true}]}}